{"id":108,"date":"2019-11-24T23:31:35","date_gmt":"2019-11-24T22:31:35","guid":{"rendered":"https:\/\/www.lappartdedavid.fr\/?page_id=108"},"modified":"2026-03-05T16:58:54","modified_gmt":"2026-03-05T15:58:54","slug":"contacter-lappart","status":"publish","type":"page","link":"https:\/\/www.lappartdedavid.fr\/index.php\/contacter-lappart\/","title":{"rendered":"Contacter l&rsquo;AppArt &#8230;"},"content":{"rendered":"\n<section id=\"wp-block-themeisle-blocks-advanced-columns-0d958e15\" class=\"wp-block-themeisle-blocks-advanced-columns alignfull has-2-columns has-desktop-equal-layout has-tablet-equal-layout has-mobile-collapsedRows-layout has-vertical-center\"><div class=\"wp-block-themeisle-blocks-advanced-columns-overlay\"><\/div><div class=\"innerblocks-wrap\">\n<div id=\"wp-block-themeisle-blocks-advanced-column-56b6a96e\" class=\"wp-block-themeisle-blocks-advanced-column\">\n<h1 class=\"wp-block-heading has-text-align-center has-nv-site-bg-color has-text-color\">L&rsquo;AppArt de David<\/h1>\n\n\n\n<h2 id=\"wp-block-themeisle-blocks-advanced-heading-7014ae4f\" class=\"wp-block-themeisle-blocks-advanced-heading wp-block-themeisle-blocks-advanced-heading-7014ae4f\">30 Grande Rue<br>1er \u00e9tage<br>23000 Gu\u00e9ret<\/h2>\n\n\n\n<p id=\"wp-block-themeisle-blocks-advanced-heading-a7b5e28f\" class=\"wp-block-themeisle-blocks-advanced-heading wp-block-themeisle-blocks-advanced-heading-a7b5e28f\"><\/p>\n<\/div>\n\n\n\n<div id=\"wp-block-themeisle-blocks-advanced-column-439d5fac\" class=\"wp-block-themeisle-blocks-advanced-column\">\n<p class=\"has-text-align-center has-nv-light-bg-color has-text-color\">Comment aller jusqu&rsquo;\u00e0 l&rsquo;AppArt?<br>\u25bc<\/p>\n\n\n\n<div class=\"wp-block-buttons is-content-justification-center is-layout-flex wp-container-core-buttons-is-layout-16018d1d wp-block-buttons-is-layout-flex\">\n<div class=\"wp-block-button is-style-primary\"><a class=\"wp-block-button__link wp-element-button\" href=\"https:\/\/www.google.fr\/maps\/dir\/\/L'Appart+de+David,+30+Grande+Rue,+23000+Gu%C3%A9ret,+France\/@46.1693772,1.8648207,17z\/data=!4m9!4m8!1m0!1m5!1m1!1s0x47f97e4ca801d9db:0x43928dc459c15284!2m2!1d1.8678049!2d46.1699111!3e0\" target=\"_blank\" rel=\"noreferrer noopener\">Voir l&rsquo;itin\u00e9raire <\/a><\/div>\n<\/div>\n\n\n\n<div style=\"height:13px\" aria-hidden=\"true\" class=\"wp-block-spacer\"><\/div>\n\n\n\n<iframe loading=\"lazy\" src=\"https:\/\/www.google.com\/maps\/embed?pb=!1m14!1m8!1m3!1d2763.0372201034183!2d1.8656162!3d46.1699148!3m2!1i1024!2i768!4f13.1!3m3!1m2!1s0x0%3A0x43928dc459c15284!2sL'Appart%20de%20David!5e0!3m2!1sfr!2suk!4v1575323779325!5m2!1sfr!2suk\" width=\"100%\" height=\"200\" frameborder=\"0\" style=\"border:0;\" allowfullscreen=\"0\"><\/iframe>\n<\/div>\n<\/div><\/section>\n\n\n\n<p class=\"has-text-align-center has-medium-font-size\">Prendre rendez-vous par sms au:<\/p>\n\n\n\n<div id=\"wp-block-themeisle-blocks-button-group-92547b69\" class=\"wp-block-themeisle-blocks-button-group wp-block-buttons align-center\">\n<div id=\"wp-block-themeisle-blocks-button-3e2502e8\" class=\"wp-block-themeisle-blocks-button wp-block-button\"><a href=\"sms:0665573320\" target=\"_self\" rel=\"noopener noreferrer\" class=\"wp-block-button__link\"><svg xmlns=\"http:\/\/www.w3.org\/2000\/svg\" viewBox=\"0 0 1800 1800\" class=\"margin-right\"><path d=\"M1768.407,80.034H31.592C14.144,80.034,0,94.178,0,111.627v1247.362c0,17.453,14.144,31.593,31.592,31.593 h174.524v297.79c0,11.292,6.021,21.72,15.796,27.36c4.888,2.821,10.339,4.232,15.796,4.232c5.452,0,10.908-1.411,15.796-4.232 l563.182-325.15h951.721c17.449,0,31.593-14.14,31.593-31.593V111.627C1800,94.178,1785.856,80.034,1768.407,80.034z M1736.815,1327.396H808.22c-5.544,0-10.992,1.464-15.796,4.231l-523.123,302.03v-274.669c0-17.444-14.144-31.593-31.592-31.593 H63.185V143.219h1673.631V1327.396z\"><\/path><path d=\"M246.713,423.688h1287.764c17.448,0,31.592-14.144,31.592-31.593c0-17.449-14.144-31.592-31.592-31.592 H246.713c-17.449,0-31.592,14.143-31.592,31.592C215.121,409.545,229.264,423.688,246.713,423.688z\"><\/path><path d=\"M246.713,667.4h1287.764c17.448,0,31.592-14.143,31.592-31.592s-14.144-31.592-31.592-31.592H246.713 c-17.449,0-31.592,14.143-31.592,31.592S229.264,667.4,246.713,667.4z\"><\/path><path d=\"M246.713,911.109h1287.764c17.448,0,31.592-14.142,31.592-31.59c0-17.449-14.144-31.593-31.592-31.593 H246.713c-17.449,0-31.592,14.144-31.592,31.593C215.121,896.968,229.264,911.109,246.713,911.109z\"><\/path><path d=\"M246.713,1154.82h1287.764c17.448,0,31.592-14.139,31.592-31.592c0-17.444-14.144-31.592-31.592-31.592 H246.713c-17.449,0-31.592,14.147-31.592,31.592C215.121,1140.682,229.264,1154.82,246.713,1154.82z\"><\/path><\/svg><span>06.65.57.33.20<\/span><\/a><\/div>\n<\/div>\n\n\n\n<div style=\"height:64px\" aria-hidden=\"true\" class=\"wp-block-spacer\"><\/div>\n\n\n\n<div class=\"wp-block-buttons is-content-justification-center is-layout-flex wp-container-core-buttons-is-layout-16018d1d wp-block-buttons-is-layout-flex\"><\/div>\n\n\n\n<div id=\"wp-block-themeisle-blocks-advanced-columns-5d525cf2\" class=\"wp-block-themeisle-blocks-advanced-columns has-1-columns has-desktop-equal-layout has-tablet-equal-layout has-mobile-equal-layout has-vertical-unset\"><div class=\"wp-block-themeisle-blocks-advanced-columns-overlay\"><\/div><div class=\"innerblocks-wrap\">\n<div id=\"wp-block-themeisle-blocks-advanced-column-eb61ea34\" class=\"wp-block-themeisle-blocks-advanced-column\">\n<p class=\"has-text-align-center is-style-default\" style=\"font-size:26px\">\u2705 <mark style=\"background-color:rgba(0, 0, 0, 0);color:#15c26f\" class=\"has-inline-color\"><strong>En prenant rendez-vous \u00e0 l&rsquo;AppArt vous acceptez sans conditions les modalit\u00e9s suivante<\/strong><\/mark>:<\/p>\n\n\n\n<p><\/p>\n\n\n\n<div class=\"wp-block-columns is-layout-flex wp-container-core-columns-is-layout-62db62f3 wp-block-columns-is-layout-flex\" style=\"padding-top:0;padding-bottom:0\">\n<div class=\"wp-block-column has-background is-layout-flow wp-block-column-is-layout-flow\" style=\"background-color:#fff2f6;padding-top:var(--wp--preset--spacing--40);padding-right:var(--wp--preset--spacing--30);padding-bottom:var(--wp--preset--spacing--40);padding-left:var(--wp--preset--spacing--30)\">\n<div id=\"wp-block-themeisle-blocks-font-awesome-icons-fd04b102\" class=\"wp-block-themeisle-blocks-font-awesome-icons\"><span class=\"wp-block-themeisle-blocks-font-awesome-icons-container nan-padding\"><svg xmlns=\"http:\/\/www.w3.org\/2000\/svg\" viewBox=\"0 0 1800 1800\"><path d=\"M770.8,796.605v265.968c0,71.216,57.939,129.154,129.154,129.154c71.209,0,129.148-57.938,129.157-129.154 l-0.009-265.964c0-71.215-57.93-129.154-129.148-129.154C828.739,667.456,770.8,725.39,770.8,796.605z M966.08,796.609 l0.009,265.96c-0.009,36.469-29.672,66.138-66.135,66.138c-36.464,0-66.133-29.669-66.133-66.134V796.605 c0-36.465,29.668-66.129,66.133-66.129C936.417,730.476,966.08,760.145,966.08,796.609z\"><\/path><path d=\"M899.954,1231.867c-71.566,0-129.787,58.221-129.787,129.787c0,71.572,58.221,129.796,129.787,129.796 c71.569,0,129.791-58.224,129.791-129.796C1029.744,1290.088,971.522,1231.867,899.954,1231.867z M899.954,1428.43 c-36.816,0-66.766-29.954-66.766-66.775c0-36.816,29.95-66.767,66.766-66.767c36.814,0,66.768,29.95,66.768,66.767 C966.722,1398.476,936.768,1428.43,899.954,1428.43z\"><\/path><path d=\"M1790.452,1630.839L927.246,135.725c-5.635-9.75-16.037-15.755-27.292-15.755 c-11.258,0-21.659,6.004-27.29,15.755L8.344,1632.76c-5.627,9.751-5.627,21.761,0,31.511c5.631,9.75,16.032,15.755,27.29,15.755 h1728.644c0.037,0.004,0.063,0.004,0.089,0c17.4,0,31.511-14.106,31.511-31.51 C1795.877,1641.964,1793.882,1635.881,1790.452,1630.839z M90.21,1617.004L899.954,214.5l809.745,1402.503H90.21z\"><\/path><\/svg><\/span><\/div>\n\n\n\n<h2 id=\"wp-block-themeisle-blocks-advanced-heading-c919b4a0\" class=\"wp-block-themeisle-blocks-advanced-heading wp-block-themeisle-blocks-advanced-heading-c919b4a0\"><br>Suite \u00e0 plusieurs rendez-vous non honor\u00e9s et pour \u00e9viter que cela ne reproduise, un pr\u00e9-paiement pourra vous \u00eatre demand\u00e9 avant la validation d\u00e9finitive de votre rendez-vous.<\/h2>\n<\/div>\n\n\n\n<div class=\"wp-block-column has-background is-layout-flow wp-block-column-is-layout-flow\" style=\"background-color:#f5f5ff;padding-top:var(--wp--preset--spacing--40);padding-right:var(--wp--preset--spacing--30);padding-bottom:var(--wp--preset--spacing--40);padding-left:var(--wp--preset--spacing--30)\">\n<h2 id=\"wp-block-themeisle-blocks-advanced-heading-010486bb\" class=\"wp-block-themeisle-blocks-advanced-heading wp-block-themeisle-blocks-advanced-heading-010486bb\">Dans ce cas un lien de paiement \u00ab\u00a0Stripe\u00a0\u00bb vous sera envoy\u00e9 par sms.<\/h2>\n\n\n<div class=\"wp-block-image is-style-default\">\n<figure class=\"aligncenter is-resized has-custom-border\" id=\"wp-block-themeisle-blocks-image-93bc082e\"><img loading=\"lazy\" decoding=\"async\" width=\"380\" height=\"380\" src=\"https:\/\/www.lappartdedavid.fr\/wp-content\/uploads\/2024\/01\/stripe-logo-two-5.webp\" alt=\"\" class=\"wp-image-3117\" style=\"border-radius:97px;aspect-ratio:1;object-fit:contain;width:30px;height:auto\" srcset=\"https:\/\/www.lappartdedavid.fr\/wp-content\/uploads\/2024\/01\/stripe-logo-two-5.webp 380w, https:\/\/www.lappartdedavid.fr\/wp-content\/uploads\/2024\/01\/stripe-logo-two-5-300x300.webp 300w, https:\/\/www.lappartdedavid.fr\/wp-content\/uploads\/2024\/01\/stripe-logo-two-5-150x150.webp 150w\" sizes=\"auto, (max-width: 380px) 100vw, 380px\" \/><\/figure>\n<\/div>\n\n\n<h2 id=\"wp-block-themeisle-blocks-advanced-heading-9890e6cf\" class=\"wp-block-themeisle-blocks-advanced-heading wp-block-themeisle-blocks-advanced-heading-9890e6cf\"> Ce paiement devra se faire au maximum <strong>une semaine avant le jour du rendez-vous<\/strong>, dans le cas contraire le rendez-vous sera automatiquement annul\u00e9.<\/h2>\n<\/div>\n\n\n\n<div class=\"wp-block-column has-background is-layout-flow wp-block-column-is-layout-flow\" style=\"background-color:#faf7f7;padding-top:var(--wp--preset--spacing--40);padding-right:var(--wp--preset--spacing--30);padding-bottom:var(--wp--preset--spacing--40);padding-left:var(--wp--preset--spacing--30)\">\n<p class=\"has-text-align-left\" style=\"font-size:18px\">Montants indicatifs des pr\u00e9-paiements:<br><br>Coupe \/ coiffage au f\u00e9minin : 30 \u20ac<br>Coloration: 60 \u20ac<br>Balayage\/M\u00e8ches: 90 \u20ac<br>Mari\u00e9e: 100\u20ac<br>Homme: 20\u20ac<\/p>\n<\/div>\n<\/div>\n\n\n\n<h2 id=\"wp-block-themeisle-blocks-advanced-heading-2e94bb8a\" class=\"wp-block-themeisle-blocks-advanced-heading wp-block-themeisle-blocks-advanced-heading-2e94bb8a has-light-bg\">\u26a0\ufe0f <strong>Les montants indiqu\u00e9s ci-dessus ne correspondent pas aux <a href=\"https:\/\/www.lappartdedavid.fr\/index.php\/lacartesdesservices\/\" data-type=\"page\" data-id=\"124\">tarifs de l&rsquo;AppArt<\/a>.<\/strong> Le pr\u00e9-paiement viendra en d\u00e9duction du montant total que vous aurez \u00e0 r\u00e9gler le jour o\u00f9 vous vous ferez coiffer. <br>Sauf si vous annulez votre rendez-vous moins de 24h avant l&rsquo;heure de celui-ci, ou si vous ne venez pas \u00e0 rendez-vous, dans ces cas cette somme sera perdue (Voir le d\u00e9tail si dessous).<\/h2>\n\n\n\n<div id=\"wp-block-themeisle-blocks-advanced-columns-386ba9b8\" class=\"wp-block-themeisle-blocks-advanced-columns has-1-columns has-desktop-equal-layout has-tablet-equal-layout has-mobile-equal-layout has-vertical-unset\"><div class=\"wp-block-themeisle-blocks-advanced-columns-overlay\"><\/div><div class=\"innerblocks-wrap\">\n<div id=\"wp-block-themeisle-blocks-advanced-column-a0c4c63a\" class=\"wp-block-themeisle-blocks-advanced-column\">\n<h2 class=\"wp-block-heading has-text-color\" style=\"color:#27126d\">Pr\u00e9-paiement:<\/h2>\n\n\n\n<h2 id=\"wp-block-themeisle-blocks-advanced-heading-ae396070\" class=\"wp-block-themeisle-blocks-advanced-heading wp-block-themeisle-blocks-advanced-heading-ae396070\"><strong>Seulement, apr\u00e8s avoir pris votre rendez-vous, et avec l&rsquo;accord de l&rsquo;AppArt de David: <\/strong><\/h2>\n\n\n\n<h2 id=\"wp-block-themeisle-blocks-advanced-heading-1b4c2603\" class=\"wp-block-themeisle-blocks-advanced-heading wp-block-themeisle-blocks-advanced-heading-1b4c2603\">Vous pouvez cliquer sur le bouton correspondant \u00e0 votre prestation pour r\u00e9aliser votre pr\u00e9-paiement en toute s\u00e9curit\u00e9 avec notre partenaire de paiement Stripe. Ainsi, votre rendez-vous sera valid\u00e9. <br>Merci et \u00e0 tr\u00e8s vite \ud83d\ude0a<\/h2>\n\n\n<div class=\"wp-block-image is-style-default\">\n<figure class=\"aligncenter is-resized\" id=\"wp-block-themeisle-blocks-image-c96b78de\"><img loading=\"lazy\" decoding=\"async\" width=\"380\" height=\"380\" src=\"https:\/\/www.lappartdedavid.fr\/wp-content\/uploads\/2024\/01\/stripe-logo-two-5.webp\" alt=\"\" class=\"wp-image-3117\" style=\"aspect-ratio:1;object-fit:contain;width:40px;height:auto\" srcset=\"https:\/\/www.lappartdedavid.fr\/wp-content\/uploads\/2024\/01\/stripe-logo-two-5.webp 380w, https:\/\/www.lappartdedavid.fr\/wp-content\/uploads\/2024\/01\/stripe-logo-two-5-300x300.webp 300w, https:\/\/www.lappartdedavid.fr\/wp-content\/uploads\/2024\/01\/stripe-logo-two-5-150x150.webp 150w\" sizes=\"auto, (max-width: 380px) 100vw, 380px\" \/><\/figure>\n<\/div>\n\n\n<div style=\"height:27px\" aria-hidden=\"true\" class=\"wp-block-spacer\"><\/div>\n\n\n\n<div id=\"wp-block-themeisle-blocks-button-group-1289d979\" class=\"wp-block-themeisle-blocks-button-group collapse-mobile wp-block-buttons align-center-desktop align-full-mobile\">\n<div id=\"wp-block-themeisle-blocks-button-3791cca9\" class=\"wp-block-themeisle-blocks-button wp-block-button\"><a href=\"https:\/\/buy.stripe.com\/cN215l2Ka9Iz1NuaEE\" target=\"_self\" rel=\"noopener noreferrer\" class=\"wp-block-button__link\"><i class=\"fab fa-fw fa-cc-stripe margin-right\"><\/i><span>Coupe\/coiffage au f\u00e9minin<br>30\u20ac<\/span><\/a><\/div>\n\n\n\n<div id=\"wp-block-themeisle-blocks-button-265660d6\" class=\"wp-block-themeisle-blocks-button wp-block-button\"><a href=\"https:\/\/buy.stripe.com\/aEUeWbckK8Evbo47st\" target=\"_self\" rel=\"noopener noreferrer\" class=\"wp-block-button__link\"><i class=\"fab fa-fw fa-cc-stripe margin-right\"><\/i><span>Coloration<br>50\u20ac<\/span><\/a><\/div>\n\n\n\n<div id=\"wp-block-themeisle-blocks-button-0865270a\" class=\"wp-block-themeisle-blocks-button wp-block-button\"><a href=\"https:\/\/buy.stripe.com\/eVag0f0C2cUL9fWbIL\" target=\"_self\" rel=\"noopener noreferrer\" class=\"wp-block-button__link\"><i class=\"fab fa-fw fa-cc-stripe margin-right\"><\/i><span>M\u00e8ches \/ Balayage<br>80\u20ac<\/span><\/a><\/div>\n\n\n\n<div id=\"wp-block-themeisle-blocks-button-d2a68461\" class=\"wp-block-themeisle-blocks-button wp-block-button\"><a href=\"https:\/\/buy.stripe.com\/cN23dt84u07ZdwcfZ3\" target=\"_self\" rel=\"noopener noreferrer\" class=\"wp-block-button__link\"><i class=\"fab fa-fw fa-cc-stripe margin-right\"><\/i><span>Coiffure de mari\u00e9e&#8230;<br>40\u20ac<\/span><\/a><\/div>\n\n\n\n<div id=\"wp-block-themeisle-blocks-button-4e332d28\" class=\"wp-block-themeisle-blocks-button wp-block-button\"><a href=\"https:\/\/buy.stripe.com\/14k3dt3Oe07ZfEkcMQ\" target=\"_self\" rel=\"noopener noreferrer\" class=\"wp-block-button__link\"><i class=\"fab fa-fw fa-cc-stripe margin-right\"><\/i><span>Coupe au masculin<br>18\u20ac<\/span><\/a><\/div>\n<\/div>\n\n\n\n<div style=\"height:30px\" aria-hidden=\"true\" class=\"wp-block-spacer\"><\/div>\n\n\n\n<p class=\"has-text-align-left has-text-color\" style=\"color:#130a96\">\u26a0\ufe0f <strong>Les montants indiqu\u00e9s ci-dessus ne correspondent pas aux <a href=\"https:\/\/www.lappartdedavid.fr\/index.php\/lacartesdesservices\/\" data-type=\"page\" data-id=\"124\">tarifs de l&rsquo;AppArt<\/a>.<\/strong> Pour rappel le pr\u00e9-paiement viendra en d\u00e9duction du montant total que vous aurez \u00e0 r\u00e9gler le jour o\u00f9 vous vous ferez coiffer. <br>Sauf si vous annulez votre rendez-vous moins de 24h avant l&rsquo;heure de celui-ci, ou si vous ne venez pas \u00e0 rendez-vous, dans ces cas cette somme sera perdue (Voir le d\u00e9tail si dessous).<\/p>\n<\/div>\n<\/div><\/div>\n\n\n\n<div style=\"height:50px\" aria-hidden=\"true\" class=\"wp-block-spacer\"><\/div>\n\n\n\n<div id=\"wp-block-themeisle-blocks-advanced-columns-dbfb1d8f\" class=\"wp-block-themeisle-blocks-advanced-columns has-3-columns has-desktop-equal-layout has-tablet-equal-layout has-mobile-collapsedRows-layout has-vertical-unset has-light-bg\"><div class=\"wp-block-themeisle-blocks-advanced-columns-overlay\"><\/div><div class=\"innerblocks-wrap\">\n<div id=\"wp-block-themeisle-blocks-advanced-column-15ef666d\" class=\"wp-block-themeisle-blocks-advanced-column has-light-bg\">\n<h2 id=\"wp-block-themeisle-blocks-advanced-heading-c52268b3\" class=\"wp-block-themeisle-blocks-advanced-heading wp-block-themeisle-blocks-advanced-heading-c52268b3\"><font style=\"vertical-align: inherit;\"><font style=\"vertical-align: inherit;\">\ud83d\udfe2<\/font><\/font><\/h2>\n\n\n\n<h2 id=\"wp-block-themeisle-blocks-advanced-heading-b3014d05\" class=\"wp-block-themeisle-blocks-advanced-heading wp-block-themeisle-blocks-advanced-heading-b3014d05\">Si vous annulez votre rendez-vous jusqu&rsquo;\u00e0 24 heures avant l&rsquo;heure de celui-ci, le montant sera gard\u00e9 sur votre compte client afin d&rsquo;\u00eatre r\u00e9utilis\u00e9 lors de votre prochain rendez-vous.<\/h2>\n<\/div>\n\n\n\n<div id=\"wp-block-themeisle-blocks-advanced-column-e7971a21\" class=\"wp-block-themeisle-blocks-advanced-column has-light-bg\">\n<h2 id=\"wp-block-themeisle-blocks-advanced-heading-fac1f991\" class=\"wp-block-themeisle-blocks-advanced-heading wp-block-themeisle-blocks-advanced-heading-fac1f991\">\ud83d\udfe0 <\/h2>\n\n\n\n<h2 id=\"wp-block-themeisle-blocks-advanced-heading-260c35f5\" class=\"wp-block-themeisle-blocks-advanced-heading wp-block-themeisle-blocks-advanced-heading-260c35f5\">Si vous annulez moins de 24 heures avant l&rsquo;heure de votre rendez-vous, cette somme sera perdue. Une facture vous sera envoy\u00e9e par mail avec comme d\u00e9signation: \u00ab\u00a0Annulation tardive\u00a0\u00bb.<\/h2>\n<\/div>\n\n\n\n<div id=\"wp-block-themeisle-blocks-advanced-column-849051c9\" class=\"wp-block-themeisle-blocks-advanced-column has-light-bg\">\n<h2 id=\"wp-block-themeisle-blocks-advanced-heading-951a0d0a\" class=\"wp-block-themeisle-blocks-advanced-heading wp-block-themeisle-blocks-advanced-heading-951a0d0a\">\ud83d\udd34<\/h2>\n\n\n\n<h2 id=\"wp-block-themeisle-blocks-advanced-heading-e5d77713\" class=\"wp-block-themeisle-blocks-advanced-heading wp-block-themeisle-blocks-advanced-heading-e5d77713\"> Si vous n&rsquo;honorez pas votre rendez-vous et que vous ne pr\u00e9venez pas au minimum une heure avant celui-ci,<br>cette somme sera perdue. Une facture vous sera envoy\u00e9e par mail avec comme d\u00e9signation: \u00ab\u00a0Non pr\u00e9sentation au rendez-vous\u00a0\u00bb.<\/h2>\n\n\n\n<h2 id=\"wp-block-themeisle-blocks-advanced-heading-e49f5608\" class=\"wp-block-themeisle-blocks-advanced-heading wp-block-themeisle-blocks-advanced-heading-e49f5608 has-light-bg\">\u2757\ufe0fL&rsquo;AppArt se r\u00e9servera le droit de ne plus vous accepter comme client et d&rsquo;annuler vos futurs rendez-vous.<\/h2>\n<\/div>\n<\/div><\/div>\n\n\n\n<div class=\"wp-block-columns is-layout-flex wp-container-core-columns-is-layout-9d6595d7 wp-block-columns-is-layout-flex\">\n<div class=\"wp-block-column is-layout-flow wp-block-column-is-layout-flow\" style=\"flex-basis:33.33%\">\n<div id=\"wp-block-themeisle-blocks-font-awesome-icons-37bfabcb\" class=\"wp-block-themeisle-blocks-font-awesome-icons\"><span class=\"wp-block-themeisle-blocks-font-awesome-icons-container\"><svg xmlns=\"http:\/\/www.w3.org\/2000\/svg\" viewBox=\"0 0 1800 1800\"><path d=\"M1590.487,1148.496V645.409C1648.671,631.251,1692,578.732,1692,516.255 c0-73.311-59.631-132.951-132.941-132.951c-38.059,0-72.407,16.104-96.673,41.83l-437.927-252.835 c3.481-11.86,5.375-24.388,5.375-37.357C1029.834,61.64,970.203,2,896.895,2c-73.302,0-132.941,59.64-132.941,132.942 c0,12.969,1.903,25.497,5.384,37.357L331.416,425.129c-24.255-25.725-58.609-41.825-96.667-41.825 c-73.311,0-132.95,59.64-132.95,132.951c0,62.472,43.333,114.991,101.512,129.154v503.093 c-58.179,14.161-101.512,66.68-101.512,129.156c0,73.302,59.639,132.942,132.95,132.942c36.406,0,69.431-14.72,93.467-38.51 l441.122,254.681c-3.481,11.86-5.384,24.388-5.384,37.356c0,73.304,59.64,132.942,132.941,132.942 c73.309,0,132.939-59.639,132.939-132.942c0-12.969-1.894-25.496-5.375-37.356l441.128-254.69 c24.036,23.796,57.062,38.52,93.472,38.52c73.311,0,132.941-59.641,132.941-132.942 C1692,1215.178,1648.671,1162.653,1590.487,1148.496z M1489.476,1285.709c-0.299-2.645-0.5-5.323-0.5-8.051 c0-27.333,15.766-51.006,38.645-62.555c9.473-4.78,20.126-7.533,31.438-7.533c11.304,0,21.958,2.753,31.42,7.529 c22.896,11.545,38.664,35.216,38.664,62.559c0,38.646-31.438,70.084-70.084,70.084c-12.742,0-24.659-3.473-34.963-9.439 C1505.347,1327.45,1492.061,1308.205,1489.476,1285.709z M1519.764,458.255c11.216-7.625,24.738-12.093,39.295-12.093 c38.646,0,70.084,31.442,70.084,70.093c0,27.338-15.768,51.006-38.655,62.555c-9.462,4.775-20.116,7.528-31.429,7.528 c-11.304,0-21.959-2.753-31.43-7.533c-22.888-11.545-38.653-35.213-38.653-62.551c0-1.048,0.113-2.066,0.156-3.1 C1490.141,490.351,1502.006,470.331,1519.764,458.255z M826.811,134.942c0-38.646,31.438-70.084,70.083-70.084 c38.645,0,70.082,31.438,70.082,70.084c0,1.368-0.123,2.701-0.201,4.051c-1.308,22.747-13.443,42.614-31.396,54.457 c-11.057,7.296-24.272,11.576-38.485,11.576c-14.206,0-27.421-4.28-38.479-11.576c-17.95-11.843-30.087-31.71-31.394-54.457 C826.942,137.643,826.811,136.31,826.811,134.942z M164.656,516.255c0-38.651,31.442-70.093,70.092-70.093 c14.553,0,28.08,4.463,39.295,12.088c17.758,12.071,29.627,32.096,30.631,54.9c0.048,1.035,0.158,2.056,0.158,3.104 c0,27.342-15.772,51.01-38.664,62.559c-9.466,4.771-20.116,7.524-31.42,7.524c-11.312,0-21.971-2.753-31.438-7.533 C180.422,567.257,164.656,543.589,164.656,516.255z M269.707,1338.311c-10.304,5.965-22.221,9.432-34.958,9.432 c-38.65,0-70.092-31.438-70.092-70.084c0-27.337,15.767-51.006,38.654-62.555c9.467-4.78,20.126-7.533,31.438-7.533 c11.304,0,21.954,2.753,31.42,7.523c22.892,11.551,38.664,35.222,38.664,62.564c0,2.731-0.198,5.41-0.5,8.059 C301.741,1308.215,288.46,1327.46,269.707,1338.311z M966.977,1664.128c0,38.646-31.438,70.084-70.082,70.084 c-38.646,0-70.083-31.438-70.083-70.084c0-1.368,0.131-2.704,0.21-4.051c1.307-22.743,13.444-42.615,31.394-54.462 c11.058-7.295,24.273-11.575,38.479-11.575c14.213,0,27.429,4.28,38.485,11.575c17.952,11.847,30.088,31.719,31.396,54.462 C966.854,1661.424,966.977,1662.76,966.977,1664.128z M992.959,1572.372c-24.22-25.349-58.314-41.19-96.064-41.19 c-37.743,0-71.837,15.842-96.059,41.19l-439.614-253.809c4.183-12.892,6.467-26.633,6.467-40.905 c0-62.48-43.337-115.005-101.521-129.162V645.413c58.185-14.158,101.521-66.681,101.521-129.158c0-12.663-1.819-24.905-5.143-36.52 l438.289-253.042c24.221,25.352,58.315,41.189,96.059,41.189c37.75,0,71.845-15.837,96.064-41.189l438.297,253.046 c-3.314,11.61-5.139,23.853-5.139,36.515c0,62.472,43.337,114.991,101.512,129.154l-0.009,503.093 c-58.174,14.161-101.503,66.68-101.503,129.156c0,14.269,2.289,28.004,6.471,40.897L992.959,1572.372z\"><\/path><path d=\"M1264.597,747.992L916.255,475.829c-11.365-8.884-27.332-8.884-38.696,0L529.218,747.992 c-7.63,5.954-12.084,15.092-12.084,24.764c0,233.561,100.426,372.219,184.671,447.416 c91.516,81.682,182.901,107.541,186.742,108.604c2.736,0.753,5.55,1.131,8.357,1.131c2.815,0,5.628-0.378,8.355-1.131 c3.849-1.063,95.225-26.922,186.74-108.604c84.247-75.197,184.673-213.855,184.673-447.416 C1276.672,763.083,1272.216,753.946,1264.597,747.992z M1052.223,1171.406c-65.664,59.303-132.381,86.044-155.372,94.063 c-22.677-7.841-87.754-33.792-153.19-92.195c-105.319-94.003-160.293-223.577-163.521-385.308l316.763-247.491l316.761,247.491 C1210.464,948.58,1156.191,1077.519,1052.223,1171.406z\"><\/path><\/svg><\/span><\/div>\n<\/div>\n\n\n\n<div class=\"wp-block-column is-vertically-aligned-center is-layout-flow wp-block-column-is-layout-flow\" style=\"flex-basis:66.66%\">\n<h2 id=\"wp-block-themeisle-blocks-advanced-heading-46c9df2a\" class=\"wp-block-themeisle-blocks-advanced-heading wp-block-themeisle-blocks-advanced-heading-46c9df2a\"><em>Comprenez avec cette mesure que le seul but est d&rsquo;\u00e9viter les faux rendez-vous afin d&rsquo;\u00e9viter de mettre en difficult\u00e9 mon entreprise. <\/em><br><em>Merci beaucoup pour votre compr\u00e9hension.<\/em><\/h2>\n<\/div>\n<\/div>\n<\/div>\n<\/div><\/div>\n\n\n\n\n\n<p><\/p>\n","protected":false},"excerpt":{"rendered":"<p>Prendre rendez-vous par sms au:<\/p>\n","protected":false},"author":1,"featured_media":0,"parent":0,"menu_order":0,"comment_status":"closed","ping_status":"closed","template":"page-templates\/template-pagebuilder-full-width.php","meta":{"neve_meta_sidebar":"full-width","neve_meta_container":"default","neve_meta_enable_content_width":"","neve_meta_content_width":0,"neve_meta_title_alignment":"","neve_meta_author_avatar":"","neve_post_elements_order":"","neve_meta_disable_header":"","neve_meta_disable_footer":"","neve_meta_disable_title":"on","_themeisle_gutenberg_block_has_review":false,"footnotes":""},"class_list":["post-108","page","type-page","status-publish","hentry"],"_links":{"self":[{"href":"https:\/\/www.lappartdedavid.fr\/index.php\/wp-json\/wp\/v2\/pages\/108","targetHints":{"allow":["GET"]}}],"collection":[{"href":"https:\/\/www.lappartdedavid.fr\/index.php\/wp-json\/wp\/v2\/pages"}],"about":[{"href":"https:\/\/www.lappartdedavid.fr\/index.php\/wp-json\/wp\/v2\/types\/page"}],"author":[{"embeddable":true,"href":"https:\/\/www.lappartdedavid.fr\/index.php\/wp-json\/wp\/v2\/users\/1"}],"replies":[{"embeddable":true,"href":"https:\/\/www.lappartdedavid.fr\/index.php\/wp-json\/wp\/v2\/comments?post=108"}],"version-history":[{"count":206,"href":"https:\/\/www.lappartdedavid.fr\/index.php\/wp-json\/wp\/v2\/pages\/108\/revisions"}],"predecessor-version":[{"id":5116,"href":"https:\/\/www.lappartdedavid.fr\/index.php\/wp-json\/wp\/v2\/pages\/108\/revisions\/5116"}],"wp:attachment":[{"href":"https:\/\/www.lappartdedavid.fr\/index.php\/wp-json\/wp\/v2\/media?parent=108"}],"curies":[{"name":"wp","href":"https:\/\/api.w.org\/{rel}","templated":true}]}}