{"id":3,"date":"2019-11-23T18:45:17","date_gmt":"2019-11-23T17:45:17","guid":{"rendered":"http:\/\/www.lappartdedavid.fr\/?page_id=3"},"modified":"2021-10-18T18:16:16","modified_gmt":"2021-10-18T16:16:16","slug":"politique-de-confidentialite","status":"publish","type":"page","link":"https:\/\/www.lappartdedavid.fr\/index.php\/politique-de-confidentialite\/","title":{"rendered":"Politique de confidentialit\u00e9 &#038; Mentions l\u00e9gales"},"content":{"rendered":"\n<section class=\"wp-block-themeisle-blocks-advanced-columns alignfull has-1-columns has-desktop-equal-layout has-tablet-equal-layout has-mobile-equal-layout has-nogap-gap has-vertical-center\" id=\"wp-block-themeisle-blocks-advanced-columns-0d958e15\"><div class=\"wp-block-themeisle-blocks-advanced-columns-overlay\"><\/div><div class=\"innerblocks-wrap\">\n<div class=\"wp-block-themeisle-blocks-advanced-column\" id=\"wp-block-themeisle-blocks-advanced-column-56b6a96e\">\n<h2 class=\"has-text-align-center has-white-color has-text-color wp-block-heading\">Politique de confidentialit\u00e9 &amp; Mentions L\u00e9gales<\/h2>\n\n\n\n<p class=\"has-text-align-center has-white-color has-text-color\"><strong>L&rsquo;AppArt de David<\/strong><br>30 Grande Rue<br>23000 Gu\u00e9ret<\/p>\n\n\n\n<div id=\"wp-block-themeisle-blocks-button-group-92547b69\" class=\"wp-block-themeisle-blocks-button-group wp-block-buttons align-center\">\n<div id=\"wp-block-themeisle-blocks-button-69f42047\" class=\"wp-block-themeisle-blocks-button wp-block-button is-style-fill\"><a href=\"\" target=\"_self\" rel=\"noopener noreferrer\" class=\"wp-block-button__link\"><svg xmlns=\"http:\/\/www.w3.org\/2000\/svg\" viewbox=\"0 0 1800 1800\" class=\"margin-right\" role=\"img\" aria-hidden=\"true\"><path d=\"M1767.747,1435.832c-8.327-8.648-16.937-17.587-27.429-25.664 c-103.501-79.709-216.736-152.819-346.173-223.501c-20.847-11.386-37.313-20.372-55.837-20.372 c-24.734,0-41.76,15.473-63.32,35.063c-23.946,21.767-47.108,43.659-69.258,65.44c-12.17,11.963-24.041,23.89-35.543,35.738 c-2.982,3.074-6.067,5.62-9.285,7.808c-11.248,7.644-24.399,10.098-42.976,8.472c-48.55-4.284-97.64-18.685-150.077-44.016 c-90.392-43.678-173.444-109.723-253.898-201.906C614.263,958.662,545.58,840.776,503.974,712.499l-3.809-11.659 c-5.327-16.218-11.359-34.603-10.182-38.525c0.732-2.462,4.585-7.013,10.156-12.735c6.298-6.481,14.801-14.471,23.58-22.712 l3.199-2.999c6.12-5.753,12.417-11.45,18.768-17.112c14.514-12.941,29.429-25.659,44.021-38.067 c15.198-12.918,30.911-26.278,46.175-39.916c36.324-32.467,44.016-51.174,17.996-97.932 c-50.232-90.262-107.172-192.566-167.25-292.054c-17.626-29.176-39.149-55.296-59.957-80.559 c-8.996-10.923-18.302-22.216-26.94-33.365c-5.914-7.636-15.033-12.104-24.695-12.104h-10.034c-7.396,0-14.548,2.624-20.193,7.401 c-98.015,83.013-177.31,183.569-253.999,280.813L76.278,319.39c-14.47,18.318-27.646,37.487-40.386,56.02 c-5.758,8.373-11.515,16.75-17.382,25.036c-3.74,5.278-5.749,11.589-5.749,18.058v26.748c0,2.158,0.223,4.307,0.667,6.417 c2.262,10.778,4.376,21.596,6.495,32.414c4.698,24.042,9.563,48.903,16.065,73.441c34.742,131.062,92.31,257.189,175.989,385.601 c178.238,273.49,402.429,500.615,666.353,675.062c121.573,80.354,239.724,131.476,361.202,156.279 c17.064,3.487,34.209,6.167,50.79,8.757c7.509,1.172,15.019,2.349,22.516,3.596c1.695,0.284,3.413,0.423,5.13,0.423h63.53 c5.287,0,10.491-1.342,15.12-3.901c127.227-70.352,238.143-158.521,329.863-235.488c13.378-11.224,25.184-23.466,36.6-35.303 c4.938-5.117,9.877-10.238,14.915-15.237c5.914-5.867,9.244-13.852,9.244-22.187v-6.685c0-8.421-3.399-16.489-9.432-22.369 C1774.39,1442.736,1771.068,1439.283,1767.747,1435.832z M366.832,83.813c3.892,4.772,7.78,9.493,11.611,14.148 c20.28,24.612,39.431,47.866,54.7,73.132c59.503,98.534,116.155,200.328,166.135,290.131c2.549,4.585,4.494,8.242,5.818,10.961 c-3.278,3.226-7.911,7.361-10.857,9.994c-14.684,13.128-30.1,26.23-45.006,38.904c-15.778,13.416-31.944,27.176-47.81,41.407 l-300.029-300.03C252.538,199.507,306.375,137.786,366.832,83.813z M1373.382,1724.754h-52.847 c-6.854-1.123-13.708-2.196-20.568-3.268c-16.603-2.594-32.289-5.047-47.932-8.242c-113.5-23.176-224.475-71.322-339.252-147.188 c-256.744-169.703-474.92-390.765-648.46-657.046C184.335,786.255,129.4,666.046,96.384,541.518 c-5.971-22.547-10.426-45.32-15.141-69.432c-1.961-10.028-3.927-20.058-5.998-30.06v-13.647c4.071-5.84,8.103-11.707,12.138-17.574 c12.719-18.506,24.74-35.988,37.928-52.682l14.563-18.455c7.375-9.353,14.784-18.741,22.224-28.134l293.867,293.866 c-13.333,13.698-21.64,24.939-25.846,39.004c-6.791,22.7-0.214,42.731,10.674,75.917l3.748,11.454 c44.257,136.467,116.984,261.484,222.334,382.201c86.104,98.661,175.663,169.671,273.792,217.084 c59.367,28.683,115.554,45.036,171.779,49.997c5.417,0.478,10.709,0.718,15.725,0.718c0.005,0,0.005,0,0.005,0 c30.471,0,55.886-8.813,77.315-26.844l291.775,291.773C1457.921,1674.061,1416.589,1700.514,1373.382,1724.754z M1686.313,1499.989 c-41.934,35.194-87.985,72.757-137.669,109.723l-298.73-298.731c21.453-21.078,43.89-42.285,67.095-63.382 c6.604-6.001,17.274-15.694,22.111-18.533c5.235,1.604,17.492,8.299,25.084,12.44c126.542,69.104,237.096,140.467,337.992,218.171 c4.476,3.443,8.878,7.602,13.372,12.126C1705.725,1481.992,1696.311,1491.6,1686.313,1499.989z\"><\/path><path d=\"M1659.155,901.129c-66.448,0-120.505-54.059-120.505-120.505c0-258.807-210.553-469.359-469.359-469.359 c-66.447,0-120.505-54.059-120.505-120.505c0-66.446,54.058-120.505,120.505-120.505c391.698,0,710.369,318.671,710.369,710.37 C1779.66,847.07,1725.6,901.129,1659.155,901.129z M1069.291,132.739c-31.992,0-58.021,26.028-58.021,58.021 c0,31.992,26.029,58.021,58.021,58.021c293.259,0,531.843,238.582,531.843,531.843c0,31.992,26.029,58.021,58.021,58.021 c31.991,0,58.021-26.029,58.021-58.021C1717.176,423.379,1426.534,132.739,1069.291,132.739z\"><\/path><path d=\"M1348.582,982.494c-50.059,0-90.779-40.722-90.779-90.78c0-166.88-135.77-302.649-302.649-302.649 c-50.058,0-90.78-40.722-90.78-90.78c0-50.058,40.723-90.78,90.78-90.78c266.991,0,484.208,217.217,484.208,484.208 C1439.361,941.772,1398.64,982.494,1348.582,982.494z M955.153,469.99c-15.604,0-28.296,12.692-28.296,28.296 c0,15.604,12.692,28.295,28.296,28.295c201.334,0,365.133,163.799,365.133,365.133c0,15.604,12.692,28.295,28.296,28.295 s28.295-12.691,28.295-28.295C1376.877,659.173,1187.695,469.99,955.153,469.99z\"><\/path><\/svg><span>06 65 57 33 20<\/span><\/a><\/div>\n<\/div>\n<\/div>\n<\/div><\/section>\n\n\n\n<div class=\"wp-block-columns is-layout-flex wp-container-core-columns-is-layout-9d6595d7 wp-block-columns-is-layout-flex\">\n<div class=\"wp-block-column is-layout-flow wp-block-column-is-layout-flow\">\n<div class=\"wp-block-themeisle-blocks-advanced-columns has-1-columns has-desktop-equal-layout has-tablet-equal-layout has-mobile-equal-layout has-default-gap has-vertical-unset\" id=\"wp-block-themeisle-blocks-advanced-columns-7814d6f0\"><div class=\"wp-block-themeisle-blocks-advanced-columns-overlay\"><\/div><div class=\"innerblocks-wrap\">\n<div class=\"wp-block-themeisle-blocks-advanced-column\" id=\"wp-block-themeisle-blocks-advanced-column-1d93af7e\">\n<h2 class=\"wp-block-heading\">Mentions L\u00e9gales<\/h2>\n\n\n\n<p class=\"has-nv-dark-bg-color has-text-color\"><strong>Propri\u00e9taire<\/strong>\u00a0: <span class=\"has-inline-color has-nv-c-2-color\">L&rsquo;AppArt de David<\/span> &#8211; Num\u00e9ro de TVA: FR 22 453073488 \u2013 <span class=\"has-inline-color has-nv-c-2-color\">30 Grande Rue 23000 Gu\u00e9ret &#8211; 0665573320<\/span><br><strong>Responsable publication<\/strong>\u00a0: David Pereira \u2013 contact@lappartdedavid.fr<br>Le responsable publication est une personne physique.<br><strong>Webmaster<\/strong>\u00a0: David Pereira \u2013 contact@lappartdedavid.fr<br><strong>H\u00e9bergeur<\/strong>\u00a0: OVH \u2013 2 rue Kellermann &#8211; 59100 Roubaix &#8211; France<br><strong>D\u00e9l\u00e9gu\u00e9 \u00e0 la protection des donn\u00e9es<\/strong>\u00a0: David Pereira \u2013 contact@lappartdedavid.fr<\/p>\n\n\n\n<h2 class=\"wp-block-heading\">Qui sommes-nous&nbsp;?<\/h2>\n\n\n\n<p>L&rsquo;AppArt de David est un salon de coiffure privatif situ\u00e9 \u00e0 Gu\u00e9ret en Creuse, Limousin, r\u00e9gion Nouvelle Aquitaine ,France<br>L\u2019adresse de notre site Web est\u00a0: https:\/\/www.lappartdedavid.fr.<br>L&rsquo;AppArt de David &#8211; 30 Grande Rue &#8211; 23000 Gu\u00e9ret<br>Siret: 45307348800042<br>T\u00e9l\u00e9phone: 0665573320<\/p>\n<\/div>\n<\/div><\/div>\n\n\n\n<p><\/p>\n<\/div>\n<\/div>\n\n\n\n<section class=\"wp-block-themeisle-blocks-advanced-columns has-1-columns has-desktop-equal-layout has-tablet-equal-layout has-mobile-equal-layout has-default-gap has-vertical-unset\" id=\"wp-block-themeisle-blocks-advanced-columns-3697523d\"><div class=\"wp-block-themeisle-blocks-advanced-columns-overlay\"><\/div><div class=\"innerblocks-wrap\">\n<div class=\"wp-block-themeisle-blocks-advanced-column\" id=\"wp-block-themeisle-blocks-advanced-column-dff76f71\">\n<h2 class=\"wp-block-heading\">Utilisation des donn\u00e9es personnelles collect\u00e9es<\/h2>\n\n\n\n<h3 class=\"wp-block-heading\">Commentaires<\/h3>\n\n\n\n<p>Quand vous laissez un commentaire sur notre site web, les donn\u00e9es inscrites dans le formulaire de commentaire, mais aussi votre adresse IP et l\u2019agent utilisateur de votre navigateur sont collect\u00e9s pour nous aider \u00e0 la d\u00e9tection des commentaires ind\u00e9sirables.<\/p>\n\n\n\n<p>Une cha\u00eene anonymis\u00e9e cr\u00e9\u00e9e \u00e0 partir de votre adresse de messagerie (\u00e9galement appel\u00e9e hash) peut \u00eatre envoy\u00e9e au service Gravatar pour v\u00e9rifier si vous utilisez ce dernier. Les clauses de confidentialit\u00e9 du service Gravatar sont disponibles ici&nbsp;: https:\/\/automattic.com\/privacy\/. Apr\u00e8s validation de votre commentaire, votre photo de profil sera visible publiquement \u00e0 cot\u00e9 de votre commentaire.<\/p>\n\n\n\n<h3 class=\"wp-block-heading\">M\u00e9dias<\/h3>\n\n\n\n<p>Si vous \u00eates un utilisateur ou une utilisatrice enregistr\u00e9\u00b7e et que vous t\u00e9l\u00e9versez des images sur le site web, nous vous conseillons d\u2019\u00e9viter de t\u00e9l\u00e9verser des images contenant des donn\u00e9es EXIF de coordonn\u00e9es GPS. Les visiteurs de votre site web peuvent t\u00e9l\u00e9charger et extraire des donn\u00e9es de localisation depuis ces images.<\/p>\n\n\n\n<h3 class=\"wp-block-heading\">Formulaires de contact<\/h3>\n\n\n\n<p>Vous pouvez utiliser le formulaire de contact pour joindre l&rsquo;AppArt. N&rsquo;oubliez pas de le remplir correctement avec une adresse mail valide si vous souhaitez que l&rsquo;on vous r\u00e9ponde.<\/p>\n\n\n\n<h3 class=\"wp-block-heading\">Cookies<\/h3>\n\n\n\n<p>Si vous d\u00e9posez un commentaire sur notre site, il vous sera propos\u00e9 d\u2019enregistrer votre nom, adresse de messagerie et site web dans des cookies. C\u2019est uniquement pour votre confort afin de ne pas avoir \u00e0 saisir ces informations si vous d\u00e9posez un autre commentaire plus tard. Ces cookies expirent au bout d\u2019un an.<\/p>\n\n\n\n<p>Si vous avez un compte et que vous vous connectez sur ce site, un cookie temporaire sera cr\u00e9\u00e9 afin de d\u00e9terminer si votre navigateur accepte les cookies. Il ne contient pas de donn\u00e9es personnelles et sera supprim\u00e9 automatiquement \u00e0 la fermeture de votre navigateur.<\/p>\n\n\n\n<p>Lorsque vous vous connecterez, nous mettrons en place un certain nombre de cookies pour enregistrer vos informations de connexion et vos pr\u00e9f\u00e9rences d\u2019\u00e9cran. La dur\u00e9e de vie d\u2019un cookie de connexion est de deux jours, celle d\u2019un cookie d\u2019option d\u2019\u00e9cran est d\u2019un an. Si vous cochez \u00ab&nbsp;Se souvenir de moi&nbsp;\u00bb, votre cookie de connexion sera conserv\u00e9 pendant deux semaines. Si vous vous d\u00e9connectez de votre compte, le cookie de connexion sera effac\u00e9.<\/p>\n\n\n\n<p>En modifiant ou en publiant une publication, un cookie suppl\u00e9mentaire sera enregistr\u00e9 dans votre navigateur. Ce cookie ne comprend aucune donn\u00e9e personnelle. Il indique simplement l\u2019ID de la publication que vous venez de modifier. Il expire au bout d\u2019un jour.<\/p>\n\n\n\n<h3 class=\"wp-block-heading\">Contenu embarqu\u00e9 depuis d\u2019autres sites<\/h3>\n\n\n\n<p>Les articles de ce site peuvent inclure des contenus int\u00e9gr\u00e9s (par exemple des vid\u00e9os, images, articles\u2026). Le contenu int\u00e9gr\u00e9 depuis d\u2019autres sites se comporte de la m\u00eame mani\u00e8re que si le visiteur se rendait sur cet autre site.<\/p>\n\n\n\n<p>Ces sites web pourraient collecter des donn\u00e9es sur vous, utiliser des cookies, embarquer des outils de suivis tiers, suivre vos interactions avec ces contenus embarqu\u00e9s si vous disposez d\u2019un compte connect\u00e9 sur leur site web.<\/p>\n\n\n\n<h3 class=\"wp-block-heading\">Statistiques et mesures d\u2019audience<\/h3>\n\n\n\n<p>L&rsquo;AppArt de David utilise \u00ab\u00a0Google Analytique\u00a0\u00bb pour suivre les audiences de visites de son site internet.<\/p>\n\n\n\n<h2 class=\"wp-block-heading\">Utilisation et transmission de vos donn\u00e9es personnelles<\/h2>\n\n\n\n<p>L&rsquo;AppArt ne transmet pas les donn\u00e9es r\u00e9colt\u00e9es. <\/p>\n\n\n\n<h2 class=\"wp-block-heading\">Dur\u00e9es de stockage de vos donn\u00e9es<\/h2>\n\n\n\n<p>Si vous laissez un commentaire, le commentaire et ses m\u00e9tadonn\u00e9es sont conserv\u00e9s ind\u00e9finiment. Cela permet de reconna\u00eetre et approuver automatiquement les commentaires suivants au lieu de les laisser dans la file de mod\u00e9ration.<\/p>\n\n\n\n<p>Pour les utilisateurs et utilisatrices qui s\u2019enregistrent sur notre site (si cela est possible), nous stockons \u00e9galement les donn\u00e9es personnelles indiqu\u00e9es dans leur profil. Tous les utilisateurs et utilisatrices peuvent voir, modifier ou supprimer leurs informations personnelles \u00e0 tout moment (\u00e0 l\u2019exception de leur nom d\u2019utilisateur\u00b7ice). Les gestionnaires du site peuvent aussi voir et modifier ces informations.<\/p>\n\n\n\n<h2 class=\"wp-block-heading\">Les droits que vous avez sur vos donn\u00e9es<\/h2>\n\n\n\n<p>Si vous avez un compte ou si vous avez laiss\u00e9 des commentaires sur le site, vous pouvez demander \u00e0 recevoir un fichier contenant toutes les donn\u00e9es personnelles que nous poss\u00e9dons \u00e0 votre sujet, incluant celles que vous nous avez fournies. Vous pouvez \u00e9galement demander la suppression des donn\u00e9es personnelles vous concernant. Cela ne prend pas en compte les donn\u00e9es stock\u00e9es \u00e0 des fins administratives, l\u00e9gales ou pour des raisons de s\u00e9curit\u00e9.<\/p>\n\n\n\n<h2 class=\"wp-block-heading\">Transmission de vos donn\u00e9es personnelles<\/h2>\n\n\n\n<p>Les commentaires des visiteurs peuvent \u00eatre v\u00e9rifi\u00e9s \u00e0 l\u2019aide d\u2019un service automatis\u00e9 de d\u00e9tection des commentaires ind\u00e9sirables.<\/p>\n<\/div>\n<\/div><\/section>\n","protected":false},"excerpt":{"rendered":"","protected":false},"author":1,"featured_media":0,"parent":0,"menu_order":0,"comment_status":"closed","ping_status":"open","template":"","meta":{"neve_meta_sidebar":"full-width","neve_meta_container":"","neve_meta_enable_content_width":"on","neve_meta_content_width":80,"neve_meta_title_alignment":"","neve_meta_author_avatar":"","neve_post_elements_order":"","neve_meta_disable_header":"","neve_meta_disable_footer":"","neve_meta_disable_title":"on","_themeisle_gutenberg_block_has_review":false,"footnotes":""},"class_list":["post-3","page","type-page","status-publish","hentry"],"_links":{"self":[{"href":"https:\/\/www.lappartdedavid.fr\/index.php\/wp-json\/wp\/v2\/pages\/3","targetHints":{"allow":["GET"]}}],"collection":[{"href":"https:\/\/www.lappartdedavid.fr\/index.php\/wp-json\/wp\/v2\/pages"}],"about":[{"href":"https:\/\/www.lappartdedavid.fr\/index.php\/wp-json\/wp\/v2\/types\/page"}],"author":[{"embeddable":true,"href":"https:\/\/www.lappartdedavid.fr\/index.php\/wp-json\/wp\/v2\/users\/1"}],"replies":[{"embeddable":true,"href":"https:\/\/www.lappartdedavid.fr\/index.php\/wp-json\/wp\/v2\/comments?post=3"}],"version-history":[{"count":8,"href":"https:\/\/www.lappartdedavid.fr\/index.php\/wp-json\/wp\/v2\/pages\/3\/revisions"}],"predecessor-version":[{"id":2298,"href":"https:\/\/www.lappartdedavid.fr\/index.php\/wp-json\/wp\/v2\/pages\/3\/revisions\/2298"}],"wp:attachment":[{"href":"https:\/\/www.lappartdedavid.fr\/index.php\/wp-json\/wp\/v2\/media?parent=3"}],"curies":[{"name":"wp","href":"https:\/\/api.w.org\/{rel}","templated":true}]}}